{"id":4201,"date":"2021-07-31T07:53:43","date_gmt":"2021-07-31T07:53:43","guid":{"rendered":"http:\/\/meditourturkei.com\/?page_id=4201"},"modified":"2022-01-12T11:35:59","modified_gmt":"2022-01-12T11:35:59","slug":"testimonials","status":"publish","type":"page","link":"https:\/\/meditourturkei.com\/tr\/testimonials\/","title":{"rendered":"M\u00dc\u015eTER\u0130 MEMNUN\u0130YET\u0130"},"content":{"rendered":"<div id='av_section_1'  class='avia-section main_color avia-section-default avia-no-border-styling  avia-full-stretch av-parallax-section av-section-color-overlay-active avia-bg-style-parallax  avia-builder-el-0  el_before_av_section  avia-builder-el-first   container_wrap sidebar_right' style=' '  data-section-bg-repeat='stretch'><div class='av-parallax' data-avia-parallax-ratio='0.3' ><div class='av-parallax-inner main_color  avia-full-stretch' style = 'background-repeat: no-repeat; background-image: url(https:\/\/meditourturkei.com\/tr\/wp-content\/uploads\/2021\/07\/o2.jpg);background-attachment: scroll; background-position: center center; ' ><\/div><\/div><div class='av-section-color-overlay-wrap'><div class='av-section-color-overlay' style='opacity: 0.5; background-color: #417591; background-image: url(https:\/\/meditourturkei.com\/tr\/wp-content\/themes\/enfold\/enfold\/images\/background-images\/dots-mini-light.png); background-repeat: repeat;'><\/div><a href='#next-section' title='' class='scroll-down-link  av-custom-scroll-down-color' style='color: #ffffff;' aria-hidden='true' data-av_icon='\ue877' data-av_iconfont='entypo-fontello'><\/a><div class='container' ><main  role=\"main\" itemprop=\"mainContentOfPage\"  class='template-page content  av-content-small alpha units'><div class='post-entry post-entry-type-page post-entry-4201'><div class='entry-content-wrapper clearfix'>\n<div  style='padding-bottom:10px; color:#ffffff;' class='av-special-heading av-special-heading-h3 custom-color-heading blockquote modern-quote modern-centered  avia-builder-el-1  avia-builder-el-no-sibling  '><h3 class='av-special-heading-tag '  itemprop=\"headline\"  >M\u00dc\u015eTER\u0130 MEMNUN\u0130YET\u0130<\/h3><div class ='av-subheading av-subheading_below av_custom_color ' style='font-size:15px;'><p>Meditour Turkei<\/p>\n<\/div><div class='special-heading-border'><div class='special-heading-inner-border' style='border-color:#ffffff'><\/div><\/div><\/div>\n<\/div><\/div><\/main><!-- close content main element --><\/div><\/div><\/div><div id='av_section_2'  class='avia-section alternate_color avia-section-large avia-shadow  avia-full-stretch av-section-color-overlay-active avia-bg-style-fixed  avia-builder-el-2  el_after_av_section  avia-builder-el-last   container_wrap sidebar_right' style='background-repeat: no-repeat; background-image: url(https:\/\/meditourturkei.com\/tr\/wp-content\/uploads\/2021\/07\/unnamed.jpg);background-attachment: fixed; background-position: center center;  '  data-section-bg-repeat='stretch'><div class='av-section-color-overlay-wrap'><div class='av-section-color-overlay' style='opacity: 0.5; background-color: #ffffff; '><\/div><div class='container' ><div class='template-page content  av-content-small alpha units'><div class='post-entry post-entry-type-page post-entry-4201'><div class='entry-content-wrapper clearfix'>\n<div class=\"flex_column av_three_fourth  flex_column_div av-zero-column-padding first  avia-builder-el-3  el_before_av_one_fourth  avia-builder-el-first  \" style='border-radius:0px; '><section class=\"av_textblock_section \"  itemscope=\"itemscope\" itemtype=\"https:\/\/schema.org\/CreativeWork\" ><div class='avia_textblock  '   itemprop=\"text\" ><h2 style=\"text-align: center;\"><span class=\"Y2IQFc\" lang=\"tr\">Hastalar\u0131m\u0131z hakk\u0131m\u0131zda ne s\u00f6ylediler?<\/span><\/h2>\n<\/div><\/section><br \/>\n<div   class='hr hr-short hr-center   avia-builder-el-5  el_after_av_textblock  el_before_av_testimonials '><span class='hr-inner ' ><span class='hr-inner-style'><\/span><\/span><\/div><br \/>\n<div   data-autoplay='1'  data-interval='5'  data-animation='fade'  data-hoverpause='1'  class='avia-testimonial-wrapper avia-grid-testimonials avia-grid-4-testimonials avia_animate_when_almost_visible   '>\n<section class ='avia-testimonial-row'><div class='avia-testimonial av_one_fourth flex_column no_margin avia-testimonial-row-1 avia-first-testimonial' ><div class='avia-testimonial_inner'  itemscope=\"itemscope\" itemtype=\"https:\/\/schema.org\/CreativeWork\" ><div class='avia-testimonial-content '  ><div class='avia-testimonial-markup-entry-content'  itemprop=\"text\" ><div class='avia-iframe-wrap'><iframe loading=\"lazy\" title=\"Veronika Erfahrung in der Schlauchmagen OP | Sleeve Gastrektomie | Magenverkleinerung Turkei!\" width=\"1500\" height=\"844\" src=\"https:\/\/www.youtube.com\/embed\/nRIz4lW9pdc?feature=oembed\" frameborder=\"0\" allow=\"accelerometer; autoplay; clipboard-write; encrypted-media; gyroscope; picture-in-picture\" allowfullscreen><\/iframe><\/div>\n<p>Patientin Vera hat sich zur Schlauchmagen OP entschieden. Wir hatten mit unserer Patientin eine tolle Zeit. Die Operation hat sie problemlos \u00fcberstanden. Im Video berichtet Sie \u00fcber ihre Erfahrung.<\/p>\n<p class=\"title style-scope ytd-video-primary-info-renderer\"><strong>Schlauchmagen OP &#8211; Vera aus Saarbr\u00fccken\/Deutschland<\/strong><\/p>\n<\/div><\/div><div class='avia-testimonial-meta'><div class='avia-testimonial-arrow-wrap'><div class='avia-arrow'><\/div><\/div><div class='avia-testimonial-meta-mini'  itemprop=\"author\" itemscope=\"itemscope\" itemtype=\"https:\/\/schema.org\/Person\" ><strong  class='avia-testimonial-name'    itemprop=\"name\" >1<\/strong><\/div><\/div><\/div><\/div>\n<div class='avia-testimonial av_one_fourth flex_column no_margin avia-testimonial-row-1 ' ><div class='avia-testimonial_inner'  itemscope=\"itemscope\" itemtype=\"https:\/\/schema.org\/CreativeWork\" ><div class='avia-testimonial-content '  ><div class='avia-testimonial-markup-entry-content'  itemprop=\"text\" ><div class='avia-iframe-wrap'><iframe loading=\"lazy\" title=\"Esma Erfahrung in der Schlauchmagen OP | Sleeve Gastrektomie | Magenverkleinerung Turkei!\" width=\"1500\" height=\"844\" src=\"https:\/\/www.youtube.com\/embed\/9wqZwZ9Bsks?feature=oembed\" frameborder=\"0\" allow=\"accelerometer; autoplay; clipboard-write; encrypted-media; gyroscope; picture-in-picture\" allowfullscreen><\/iframe><\/div>\n<p>UnserePatientin aus Amerika ist zu uns f\u00fcr eine Schlauchmagen Operation gekommen und berichtet von Ihrem Aufenthalt bei uns.<\/p>\n<p class=\"title style-scope ytd-video-primary-info-renderer\"><strong>Schlauchmagen OP -Unsere Patientin aus Amerika<\/strong><\/p>\n<\/div><\/div><div class='avia-testimonial-meta'><div class='avia-testimonial-arrow-wrap'><div class='avia-arrow'><\/div><\/div><div class='avia-testimonial-meta-mini'  itemprop=\"author\" itemscope=\"itemscope\" itemtype=\"https:\/\/schema.org\/Person\" ><strong  class='avia-testimonial-name'    itemprop=\"name\" >2<\/strong><\/div><\/div><\/div><\/div>\n<div class='avia-testimonial av_one_fourth flex_column no_margin avia-testimonial-row-1 ' ><div class='avia-testimonial_inner'  itemscope=\"itemscope\" itemtype=\"https:\/\/schema.org\/CreativeWork\" ><div class='avia-testimonial-content '  ><div class='avia-testimonial-markup-entry-content'  itemprop=\"text\" ><div class='avia-iframe-wrap'><iframe loading=\"lazy\" title=\"Max und Tanja Erfahrung in der Schlauchmagen OP | Sleeve Gastrektomie | Magenverkleinerung Turkei!\" width=\"1500\" height=\"844\" src=\"https:\/\/www.youtube.com\/embed\/k5K9gBNIsEw?feature=oembed\" frameborder=\"0\" allow=\"accelerometer; autoplay; clipboard-write; encrypted-media; gyroscope; picture-in-picture\" allowfullscreen><\/iframe><\/div>\n<p>Max aus Deutschland spricht f\u00fcr seine Freundin Tanja. Tanja hat sich zur Schlauchmagen OP entschieden. Wir hatten mit unserer Patientin eine tolle Zeit und viel Spa\u00df. Die Operation hat sie problemlos \u00fcberstanden. Wir haben den Aufenthalt abwechslungsreich nach ihre Bed\u00fcrfnissen und W\u00fcnschen gestaltet. Im Video berichtet Sie \u00fcber ihre Erfahrung. Weiterhin viel Erfolg und Gesundheit. Willkommen im Leben 2:0 Besseres Leben<\/p>\n<p class=\"title style-scope ytd-video-primary-info-renderer\"><strong>Schlauchmagen OP &#8211; Max aus Deutschland<\/strong><\/p>\n<\/div><\/div><div class='avia-testimonial-meta'><div class='avia-testimonial-arrow-wrap'><div class='avia-arrow'><\/div><\/div><div class='avia-testimonial-meta-mini'  itemprop=\"author\" itemscope=\"itemscope\" itemtype=\"https:\/\/schema.org\/Person\" ><strong  class='avia-testimonial-name'    itemprop=\"name\" >3<\/strong><\/div><\/div><\/div><\/div>\n<div class='avia-testimonial av_one_fourth flex_column no_margin avia-testimonial-row-1 avia-last-testimonial' ><div class='avia-testimonial_inner'  itemscope=\"itemscope\" itemtype=\"https:\/\/schema.org\/CreativeWork\" ><div class='avia-testimonial-content '  ><div class='avia-testimonial-markup-entry-content'  itemprop=\"text\" ><div class='avia-iframe-wrap'><iframe loading=\"lazy\" title=\"Siade Erfahrung in der Schlauchmagen OP | Sleeve Gastrektomie | Magenverkleinerung Turkei!\" width=\"1500\" height=\"844\" src=\"https:\/\/www.youtube.com\/embed\/G9tEcg37sUs?feature=oembed\" frameborder=\"0\" allow=\"accelerometer; autoplay; clipboard-write; encrypted-media; gyroscope; picture-in-picture\" allowfullscreen><\/iframe><\/div>\n<p>Unsere liebe Patientin aus Deutschland hat sich nach vielen erfolglosen Di\u00e4ten zu einer Schlauchmagen-Operation entschieden und berichtet in diesem Video von ihrem Aufenthalt.<br \/>\n<strong>Schlauchmagen-Operation<\/strong><br \/>\n<strong>Patientin aus Deutschland<\/strong><br \/>\nMai\/2021 Antalya<\/p>\n<\/div><\/div><div class='avia-testimonial-meta'><div class='avia-testimonial-arrow-wrap'><div class='avia-arrow'><\/div><\/div><div class='avia-testimonial-meta-mini'  itemprop=\"author\" itemscope=\"itemscope\" itemtype=\"https:\/\/schema.org\/Person\" ><strong  class='avia-testimonial-name'    itemprop=\"name\" >4<\/strong><\/div><\/div><\/div><\/div><\/section>\n<\/div><br \/>\n<div   class='hr hr-short hr-center   avia-builder-el-7  el_after_av_testimonials  avia-builder-el-last '><span class='hr-inner ' ><span class='hr-inner-style'><\/span><\/span><\/div><\/p><\/div><div class=\"flex_column av_one_fourth  flex_column_div av-zero-column-padding   avia-builder-el-8  el_after_av_three_fourth  avia-builder-el-last  \" style='border-radius:0px; '><div  class='avia-builder-widget-area clearfix  avia-builder-el-9  avia-builder-el-no-sibling '><section id=\"avia_fb_likebox-5\" class=\"widget clearfix avia_fb_likebox\"><h3 class=\"widgettitle\">Facebook<\/h3><div class='av_facebook_widget_wrap ' ><div class=\"fb-page\" data-width=\"500\" data-href=\"https:\/\/www.facebook.com\/MeditourTurkei-101428558897548\" data-small-header=\"false\" data-adapt-container-width=\"true\" data-hide-cover=\"false\" data-show-facepile=\"true\" data-show-posts=\"false\"><div class=\"fb-xfbml-parse-ignore\"><\/div><\/div><\/div><span class=\"seperator extralight-border\"><\/span><\/section><section id=\"avia-instagram-feed-smash-3\" class=\"widget clearfix avia-instagram-smash-ballon\"><div class=\"avia-widget avia-instagram-feed-smash-widget noLightbox\"><div class=\"avia-widget-title avia-instagram-feed-smash-widget-title\"><h3 class=\"widgettitle\">Instagram<\/h3><\/div>\r\n<div id=\"sb_instagram\"  class=\"sbi sbi_mob_col_1 sbi_tab_col_2 sbi_col_2 sbi_width_resp\" style=\"padding-bottom: 10px;width: 100%;\" data-feedid=\"sbi_17841448822309037#9\"  data-res=\"auto\" data-cols=\"2\" data-colsmobile=\"1\" data-colstablet=\"2\" data-num=\"9\" data-nummobile=\"\" data-shortcode-atts=\"{&quot;num&quot;:&quot;9&quot;,&quot;cols&quot;:&quot;2&quot;,&quot;imageres&quot;:&quot;auto&quot;,&quot;buttontext&quot;:&quot;Load More Photos&quot;,&quot;followtext&quot;:&quot;Folge mir&quot;}\"  data-postid=\"4201\" data-locatornonce=\"086104a057\" data-sbi-flags=\"favorLocal\">\r\n\t\r\n    <div id=\"sbi_images\"  style=\"padding: 5px;\">\r\n\t\t    <\/div>\r\n\r\n\t<div id=\"sbi_load\" >\r\n\r\n\t\r\n\t\t\t<span class=\"sbi_follow_btn\">\r\n        <a href=\"https:\/\/www.instagram.com\/17841448822309037\/\" target=\"_blank\" rel=\"nofollow noopener\">\r\n            <svg class=\"svg-inline--fa fa-instagram fa-w-14\" aria-hidden=\"true\" data-fa-processed=\"\" aria-label=\"Instagram\" data-prefix=\"fab\" data-icon=\"instagram\" role=\"img\" viewBox=\"0 0 448 512\">\n\t                <path fill=\"currentColor\" d=\"M224.1 141c-63.6 0-114.9 51.3-114.9 114.9s51.3 114.9 114.9 114.9S339 319.5 339 255.9 287.7 141 224.1 141zm0 189.6c-41.1 0-74.7-33.5-74.7-74.7s33.5-74.7 74.7-74.7 74.7 33.5 74.7 74.7-33.6 74.7-74.7 74.7zm146.4-194.3c0 14.9-12 26.8-26.8 26.8-14.9 0-26.8-12-26.8-26.8s12-26.8 26.8-26.8 26.8 12 26.8 26.8zm76.1 27.2c-1.7-35.9-9.9-67.7-36.2-93.9-26.2-26.2-58-34.4-93.9-36.2-37-2.1-147.9-2.1-184.9 0-35.8 1.7-67.6 9.9-93.9 36.1s-34.4 58-36.2 93.9c-2.1 37-2.1 147.9 0 184.9 1.7 35.9 9.9 67.7 36.2 93.9s58 34.4 93.9 36.2c37 2.1 147.9 2.1 184.9 0 35.9-1.7 67.7-9.9 93.9-36.2 26.2-26.2 34.4-58 36.2-93.9 2.1-37 2.1-147.8 0-184.8zM398.8 388c-7.8 19.6-22.9 34.7-42.6 42.6-29.5 11.7-99.5 9-132.1 9s-102.7 2.6-132.1-9c-19.6-7.8-34.7-22.9-42.6-42.6-11.7-29.5-9-99.5-9-132.1s-2.6-102.7 9-132.1c7.8-19.6 22.9-34.7 42.6-42.6 29.5-11.7 99.5-9 132.1-9s102.7-2.6 132.1 9c19.6 7.8 34.7 22.9 42.6 42.6 11.7 29.5 9 99.5 9 132.1s2.7 102.7-9 132.1z\"><\/path>\n\t            <\/svg>            <span>Folge mir<\/span>\r\n        <\/a>\r\n    <\/span>\r\n\t\r\n<\/div>\r\n\r\n\t    <span class=\"sbi_resized_image_data\" data-feed-id=\"sbi_17841448822309037#9\" data-resized=\"[]\">\n\t<\/span>\n\t<\/div>\r\n\r\n<\/div><span class=\"seperator extralight-border\"><\/span><\/section><\/div><\/div><\/div><\/div><\/div><!-- close content main div --><\/div><\/div><\/div><div id='after_section_2'  class='main_color av_default_container_wrap container_wrap sidebar_right' style=' '  ><div class='container' ><div class='template-page content  av-content-small alpha units'><div class='post-entry post-entry-type-page post-entry-4201'><div class='entry-content-wrapper clearfix'><\/p>\n","protected":false},"excerpt":{"rendered":"","protected":false},"author":3,"featured_media":0,"parent":0,"menu_order":0,"comment_status":"closed","ping_status":"closed","template":"","meta":{"_joinchat":[]},"_links":{"self":[{"href":"https:\/\/meditourturkei.com\/tr\/wp-json\/wp\/v2\/pages\/4201"}],"collection":[{"href":"https:\/\/meditourturkei.com\/tr\/wp-json\/wp\/v2\/pages"}],"about":[{"href":"https:\/\/meditourturkei.com\/tr\/wp-json\/wp\/v2\/types\/page"}],"author":[{"embeddable":true,"href":"https:\/\/meditourturkei.com\/tr\/wp-json\/wp\/v2\/users\/3"}],"replies":[{"embeddable":true,"href":"https:\/\/meditourturkei.com\/tr\/wp-json\/wp\/v2\/comments?post=4201"}],"version-history":[{"count":10,"href":"https:\/\/meditourturkei.com\/tr\/wp-json\/wp\/v2\/pages\/4201\/revisions"}],"predecessor-version":[{"id":4537,"href":"https:\/\/meditourturkei.com\/tr\/wp-json\/wp\/v2\/pages\/4201\/revisions\/4537"}],"wp:attachment":[{"href":"https:\/\/meditourturkei.com\/tr\/wp-json\/wp\/v2\/media?parent=4201"}],"curies":[{"name":"wp","href":"https:\/\/api.w.org\/{rel}","templated":true}]}}