{"id":4069,"date":"2021-07-30T11:04:14","date_gmt":"2021-07-30T11:04:14","guid":{"rendered":"http:\/\/meditourturkei.com\/?page_id=4069"},"modified":"2022-01-12T06:49:14","modified_gmt":"2022-01-12T06:49:14","slug":"saglik-turizmi","status":"publish","type":"page","link":"https:\/\/meditourturkei.com\/tr\/saglik-turizmi\/","title":{"rendered":"SA\u011eLIK TUR\u0130ZM\u0130"},"content":{"rendered":"<div id='av_section_1'  class='avia-section main_color avia-section-default avia-no-border-styling  avia-full-stretch av-section-color-overlay-active avia-bg-style-scroll  avia-builder-el-0  el_before_av_section  avia-builder-el-first   av-minimum-height av-minimum-height-25  container_wrap sidebar_right' style='background-repeat: no-repeat; background-image: url(https:\/\/meditourturkei.com\/tr\/wp-content\/uploads\/2021\/07\/Sagalassos-4-1030x579-1.jpg);background-attachment: scroll; background-position: center center;  '  data-section-bg-repeat='stretch' data-av_minimum_height_pc='25'><div class='av-section-color-overlay-wrap'><div class='av-section-color-overlay' style='opacity: 0.5; background-color: #565656; '><\/div><div class='container' ><main  role=\"main\" itemprop=\"mainContentOfPage\"  class='template-page content  av-content-small alpha units'><div class='post-entry post-entry-type-page post-entry-4069'><div class='entry-content-wrapper clearfix'>\n<div  style='padding-bottom:10px; color:#ffffff;' class='av-special-heading av-special-heading-h3 custom-color-heading blockquote modern-quote modern-centered  avia-builder-el-1  el_before_av_textblock  avia-builder-el-first  '><h3 class='av-special-heading-tag '  itemprop=\"headline\"  >SA\u011eLIK TUR\u0130ZM\u0130<\/h3><div class='special-heading-border'><div class='special-heading-inner-border' style='border-color:#ffffff'><\/div><\/div><\/div>\n<section class=\"av_textblock_section \"  itemscope=\"itemscope\" itemtype=\"https:\/\/schema.org\/CreativeWork\" ><div class='avia_textblock  av_inherit_color '  style='color:#ffffff; '  itemprop=\"text\" ><p style=\"text-align: center;\"><span class=\"Y2IQFc\" lang=\"tr\">Antalya&#8217;ya var\u0131\u015f\u0131n\u0131z\u0131n ard\u0131ndan klinikte yapaca\u011f\u0131n\u0131z ilk muayeneye g\u00f6re tedavi plan\u0131n\u0131z belirlenecektir. Bu plana g\u00f6re Antalya&#8217;n\u0131n tad\u0131n\u0131 \u00e7\u0131karmak i\u00e7in kendi tercihlerinizi yapabilirsiniz. <\/span><\/p>\n<p style=\"text-align: center;\"><span class=\"Y2IQFc\" lang=\"tr\">Antalya merkez ve yak\u0131n \u00e7evresinde bulunan tarihi yerlerin listesi a\u015fa\u011f\u0131dad\u0131r. Ekip arkada\u015flar\u0131m\u0131z dilerseniz \u015fehir i\u00e7i gezi se\u00e7enekleri hakk\u0131nda sizi bilgilendirebilirler. Bu geziler toplam tedavi paketi fiyat\u0131n\u0131za dahil de\u011fildir ve ek \u00fccretlere tabidir. <\/span><\/p>\n<p style=\"text-align: center;\"><span class=\"Y2IQFc\" lang=\"tr\">L\u00fctfen ekip arkada\u015flar\u0131m\u0131za seyahatin m\u00fcsaitli\u011fi ve fiyatlar\u0131 hakk\u0131nda soru sormaktan \u00e7ekinmeyin.<\/span><\/p>\n<\/div><\/section>\n<\/div><\/div><\/main><!-- close content main element --><\/div><\/div><\/div><div id='av_section_2'  class='avia-section main_color avia-section-default avia-no-border-styling  avia-bg-style-scroll  avia-builder-el-3  el_after_av_section  avia-builder-el-last   container_wrap sidebar_right' style=' '  ><div class='container' ><div class='template-page content  av-content-small alpha units'><div class='post-entry post-entry-type-page post-entry-4069'><div class='entry-content-wrapper clearfix'>\n<div class=\"flex_column av_one_full  flex_column_div av-zero-column-padding first  avia-builder-el-4  avia-builder-el-no-sibling  \" style='border-radius:0px; '><div id='av-masonry-1' class='av-masonry  noHover av-fixed-size av-large-gap av-hover-overlay- av-masonry-animation- av-masonry-col-4 av-caption-always av-caption-style-     av-medium-columns-overwrite av-medium-columns-2 av-small-columns-overwrite av-small-columns-2 av-mini-columns-overwrite av-mini-columns-2'  ><div class='av-masonry-container isotope av-js-disabled ' ><div class='av-masonry-entry isotope-item av-masonry-item-no-image all_sort saglik-turizmi_sort '><\/div><a href=\"https:\/\/meditourturkei.com\/tr\/side-antik-sehir-2\/\"  id='av-masonry-1-item-4085' data-av-masonry-item='4085' class='av-masonry-entry isotope-item post-4085 post type-post status-publish format-standard has-post-thumbnail hentry category-saglik-turizmi tag-side tag-side-saglik-turizmi all_sort saglik-turizmi_sort  av-masonry-item-with-image' title=\"side_antalya-2-1030&#215;687\"  itemscope=\"itemscope\" itemtype=\"https:\/\/schema.org\/CreativeWork\" ><div class='av-inner-masonry-sizer'><\/div><figure class='av-inner-masonry main_color'><div class=\"av-masonry-outerimage-container\"><div class=\"av-masonry-image-container\" style=\"background-image: url(https:\/\/meditourturkei.com\/tr\/wp-content\/uploads\/2021\/07\/side_antalya-2-1030x687-2-705x470.jpg);\" title=\"side_antalya-2-1030&#215;687\" ><\/div><\/div><figcaption class='av-inner-masonry-content site-background'><div class='av-inner-masonry-content-pos'><div class='av-inner-masonry-content-pos-content'><div class='avia-arrow'><\/div><h3 class='av-masonry-entry-title entry-title '  itemprop=\"headline\" >Side Antik \u015eehir<\/h3><span class='av-masonry-date meta-color updated'>Temmuz 30, 2021<\/span><span class=\"av-masonry-text-sep text-sep-author\">\/<\/span><span class='av-masonry-author meta-color author'><span class='fn'>taraf\u0131ndan meditourturkei<\/span><\/span><\/div><\/div><\/figcaption><\/figure><\/a><!--end av-masonry entry--><a href=\"https:\/\/meditourturkei.com\/tr\/termessos-antik-kenti\/\"  id='av-masonry-1-item-4077' data-av-masonry-item='4077' class='av-masonry-entry isotope-item post-4077 post type-post status-publish format-standard has-post-thumbnail hentry category-saglik-turizmi tag-antalya-saglik-turizmi tag-meditour-antalya tag-side-saglik-turizmi tag-termessos all_sort saglik-turizmi_sort  av-masonry-item-with-image' title=\"termessos_antalya-4-1030&#215;773\"  itemscope=\"itemscope\" itemtype=\"https:\/\/schema.org\/CreativeWork\" ><div class='av-inner-masonry-sizer'><\/div><figure class='av-inner-masonry main_color'><div class=\"av-masonry-outerimage-container\"><div class=\"av-masonry-image-container\" style=\"background-image: url(https:\/\/meditourturkei.com\/tr\/wp-content\/uploads\/2021\/07\/termessos_antalya-4-1030x773-1-705x529.jpg);\" title=\"termessos_antalya-4-1030&#215;773\" ><\/div><\/div><figcaption class='av-inner-masonry-content site-background'><div class='av-inner-masonry-content-pos'><div class='av-inner-masonry-content-pos-content'><div class='avia-arrow'><\/div><h3 class='av-masonry-entry-title entry-title '  itemprop=\"headline\" >Termessos Antik Kenti<\/h3><span class='av-masonry-date meta-color updated'>Temmuz 30, 2021<\/span><span class=\"av-masonry-text-sep text-sep-author\">\/<\/span><span class='av-masonry-author meta-color author'><span class='fn'>taraf\u0131ndan meditourturkei<\/span><\/span><\/div><\/div><\/figcaption><\/figure><\/a><!--end av-masonry entry--><a href=\"https:\/\/meditourturkei.com\/tr\/sagalassos-antik-kenti\/\"  id='av-masonry-1-item-4056' data-av-masonry-item='4056' class='av-masonry-entry isotope-item post-4056 post type-post status-publish format-standard has-post-thumbnail hentry category-saglik-turizmi all_sort saglik-turizmi_sort  av-masonry-item-with-image' title=\"Sagalassos-4-1030&#215;579\"  itemscope=\"itemscope\" itemtype=\"https:\/\/schema.org\/CreativeWork\" ><div class='av-inner-masonry-sizer'><\/div><figure class='av-inner-masonry main_color'><div class=\"av-masonry-outerimage-container\"><div class=\"av-masonry-image-container\" style=\"background-image: url(https:\/\/meditourturkei.com\/tr\/wp-content\/uploads\/2021\/07\/Sagalassos-4-1030x579-1-705x396.jpg);\" title=\"Sagalassos-4-1030&#215;579\" ><\/div><\/div><figcaption class='av-inner-masonry-content site-background'><div class='av-inner-masonry-content-pos'><div class='av-inner-masonry-content-pos-content'><div class='avia-arrow'><\/div><h3 class='av-masonry-entry-title entry-title '  itemprop=\"headline\" >Sagalassos Antik Kenti<\/h3><span class='av-masonry-date meta-color updated'>Temmuz 30, 2021<\/span><span class=\"av-masonry-text-sep text-sep-author\">\/<\/span><span class='av-masonry-author meta-color author'><span class='fn'>taraf\u0131ndan meditourturkei<\/span><\/span><\/div><\/div><\/figcaption><\/figure><\/a><!--end av-masonry entry--><a href=\"https:\/\/meditourturkei.com\/tr\/perge-antik-kenti\/\"  id='av-masonry-1-item-4048' data-av-masonry-item='4048' class='av-masonry-entry isotope-item post-4048 post type-post status-publish format-standard has-post-thumbnail hentry category-saglik-turizmi all_sort saglik-turizmi_sort  av-masonry-item-with-image' title=\"perge-antalya-1-1030&#215;685\"  itemscope=\"itemscope\" itemtype=\"https:\/\/schema.org\/CreativeWork\" ><div class='av-inner-masonry-sizer'><\/div><figure class='av-inner-masonry main_color'><div class=\"av-masonry-outerimage-container\"><div class=\"av-masonry-image-container\" style=\"background-image: url(https:\/\/meditourturkei.com\/tr\/wp-content\/uploads\/2021\/07\/perge-antalya-1-1030x685-1-705x469.jpg);\" title=\"perge-antalya-1-1030&#215;685\" ><\/div><\/div><figcaption class='av-inner-masonry-content site-background'><div class='av-inner-masonry-content-pos'><div class='av-inner-masonry-content-pos-content'><div class='avia-arrow'><\/div><h3 class='av-masonry-entry-title entry-title '  itemprop=\"headline\" >Perge Antik Kenti<\/h3><span class='av-masonry-date meta-color updated'>Temmuz 30, 2021<\/span><span class=\"av-masonry-text-sep text-sep-author\">\/<\/span><span class='av-masonry-author meta-color author'><span class='fn'>taraf\u0131ndan meditourturkei<\/span><\/span><\/div><\/div><\/figcaption><\/figure><\/a><!--end av-masonry entry--><a href=\"https:\/\/meditourturkei.com\/tr\/phaselis-antik-kenti\/\"  id='av-masonry-1-item-4040' data-av-masonry-item='4040' class='av-masonry-entry isotope-item post-4040 post type-post status-publish format-standard has-post-thumbnail hentry category-saglik-turizmi all_sort saglik-turizmi_sort  av-masonry-item-with-image' title=\"phaselis-antalya-1-1030&#215;824\"  itemscope=\"itemscope\" itemtype=\"https:\/\/schema.org\/CreativeWork\" ><div class='av-inner-masonry-sizer'><\/div><figure class='av-inner-masonry main_color'><div class=\"av-masonry-outerimage-container\"><div class=\"av-masonry-image-container\" style=\"background-image: url(https:\/\/meditourturkei.com\/tr\/wp-content\/uploads\/2021\/07\/phaselis-antalya-1-1030x824-1-705x564.gif);\" title=\"phaselis-antalya-1-1030&#215;824\" ><\/div><\/div><figcaption class='av-inner-masonry-content site-background'><div class='av-inner-masonry-content-pos'><div class='av-inner-masonry-content-pos-content'><div class='avia-arrow'><\/div><h3 class='av-masonry-entry-title entry-title '  itemprop=\"headline\" >Phaselis Antik Kenti<\/h3><span class='av-masonry-date meta-color updated'>Temmuz 30, 2021<\/span><span class=\"av-masonry-text-sep text-sep-author\">\/<\/span><span class='av-masonry-author meta-color author'><span class='fn'>taraf\u0131ndan meditourturkei<\/span><\/span><\/div><\/div><\/figcaption><\/figure><\/a><!--end av-masonry entry--><a href=\"https:\/\/meditourturkei.com\/tr\/aspendos\/\"  id='av-masonry-1-item-4032' data-av-masonry-item='4032' class='av-masonry-entry isotope-item post-4032 post type-post status-publish format-standard has-post-thumbnail hentry category-saglik-turizmi all_sort saglik-turizmi_sort  av-masonry-item-with-image' title=\"aspendos-4-1030&#215;715\"  itemscope=\"itemscope\" itemtype=\"https:\/\/schema.org\/CreativeWork\" ><div class='av-inner-masonry-sizer'><\/div><figure class='av-inner-masonry main_color'><div class=\"av-masonry-outerimage-container\"><div class=\"av-masonry-image-container\" style=\"background-image: url(https:\/\/meditourturkei.com\/tr\/wp-content\/uploads\/2021\/07\/aspendos-4-1030x715-1-705x489.jpg);\" title=\"aspendos-4-1030&#215;715\" ><\/div><\/div><figcaption class='av-inner-masonry-content site-background'><div class='av-inner-masonry-content-pos'><div class='av-inner-masonry-content-pos-content'><div class='avia-arrow'><\/div><h3 class='av-masonry-entry-title entry-title '  itemprop=\"headline\" >Aspendos<\/h3><span class='av-masonry-date meta-color updated'>Temmuz 30, 2021<\/span><span class=\"av-masonry-text-sep text-sep-author\">\/<\/span><span class='av-masonry-author meta-color author'><span class='fn'>taraf\u0131ndan meditourturkei<\/span><\/span><\/div><\/div><\/figcaption><\/figure><\/a><!--end av-masonry entry--><a href=\"https:\/\/meditourturkei.com\/tr\/antalya-kaleici\/\"  id='av-masonry-1-item-4023' data-av-masonry-item='4023' class='av-masonry-entry isotope-item post-4023 post type-post status-publish format-standard has-post-thumbnail hentry category-saglik-turizmi all_sort saglik-turizmi_sort  av-masonry-item-with-image' title=\"kaleici_kesik_minare\"  itemscope=\"itemscope\" itemtype=\"https:\/\/schema.org\/CreativeWork\" ><div class='av-inner-masonry-sizer'><\/div><figure class='av-inner-masonry main_color'><div class=\"av-masonry-outerimage-container\"><div class=\"av-masonry-image-container\" style=\"background-image: url(https:\/\/meditourturkei.com\/tr\/wp-content\/uploads\/2021\/07\/kaleici_kesik_minare-705x529.jpg);\" title=\"kaleici_kesik_minare\" ><\/div><\/div><figcaption class='av-inner-masonry-content site-background'><div class='av-inner-masonry-content-pos'><div class='av-inner-masonry-content-pos-content'><div class='avia-arrow'><\/div><h3 class='av-masonry-entry-title entry-title '  itemprop=\"headline\" >Antalya Kalei\u00e7i<\/h3><span class='av-masonry-date meta-color updated'>Temmuz 30, 2021<\/span><span class=\"av-masonry-text-sep text-sep-author\">\/<\/span><span class='av-masonry-author meta-color author'><span class='fn'>taraf\u0131ndan meditourturkei<\/span><\/span><\/div><\/div><\/figcaption><\/figure><\/a><!--end av-masonry entry--><a href=\"https:\/\/meditourturkei.com\/tr\/antalya-arkeoloji-muzesi\/\"  id='av-masonry-1-item-4014' data-av-masonry-item='4014' class='av-masonry-entry isotope-item post-4014 post type-post status-publish format-standard has-post-thumbnail hentry category-saglik-turizmi all_sort saglik-turizmi_sort  av-masonry-item-with-image' title=\"antalya-arkeoloji-muzesi-2-1030&#215;686\"  itemscope=\"itemscope\" itemtype=\"https:\/\/schema.org\/CreativeWork\" ><div class='av-inner-masonry-sizer'><\/div><figure class='av-inner-masonry main_color'><div class=\"av-masonry-outerimage-container\"><div class=\"av-masonry-image-container\" style=\"background-image: url(https:\/\/meditourturkei.com\/tr\/wp-content\/uploads\/2021\/07\/antalya-arkeoloji-muzesi-2-1030x686-1-705x470.jpg);\" title=\"antalya-arkeoloji-muzesi-2-1030&#215;686\" ><\/div><\/div><figcaption class='av-inner-masonry-content site-background'><div class='av-inner-masonry-content-pos'><div class='av-inner-masonry-content-pos-content'><div class='avia-arrow'><\/div><h3 class='av-masonry-entry-title entry-title '  itemprop=\"headline\" >Antalya Arkeoloji M\u00fczesi<\/h3><span class='av-masonry-date meta-color updated'>Temmuz 30, 2021<\/span><span class=\"av-masonry-text-sep text-sep-author\">\/<\/span><span class='av-masonry-author meta-color author'><span class='fn'>taraf\u0131ndan meditourturkei<\/span><\/span><\/div><\/div><\/figcaption><\/figure><\/a><!--end av-masonry entry--><\/div><\/div><\/div>\n<\/div><\/div><\/div><!-- close content main div --><\/div><\/div><div id='after_section_2'  class='main_color av_default_container_wrap container_wrap sidebar_right' style=' '  ><div class='container' ><div class='template-page content  av-content-small alpha units'><div class='post-entry post-entry-type-page post-entry-4069'><div class='entry-content-wrapper clearfix'><\/p>\n","protected":false},"excerpt":{"rendered":"","protected":false},"author":3,"featured_media":0,"parent":0,"menu_order":0,"comment_status":"closed","ping_status":"closed","template":"","meta":{"_joinchat":[]},"_links":{"self":[{"href":"https:\/\/meditourturkei.com\/tr\/wp-json\/wp\/v2\/pages\/4069"}],"collection":[{"href":"https:\/\/meditourturkei.com\/tr\/wp-json\/wp\/v2\/pages"}],"about":[{"href":"https:\/\/meditourturkei.com\/tr\/wp-json\/wp\/v2\/types\/page"}],"author":[{"embeddable":true,"href":"https:\/\/meditourturkei.com\/tr\/wp-json\/wp\/v2\/users\/3"}],"replies":[{"embeddable":true,"href":"https:\/\/meditourturkei.com\/tr\/wp-json\/wp\/v2\/comments?post=4069"}],"version-history":[{"count":9,"href":"https:\/\/meditourturkei.com\/tr\/wp-json\/wp\/v2\/pages\/4069\/revisions"}],"predecessor-version":[{"id":4513,"href":"https:\/\/meditourturkei.com\/tr\/wp-json\/wp\/v2\/pages\/4069\/revisions\/4513"}],"wp:attachment":[{"href":"https:\/\/meditourturkei.com\/tr\/wp-json\/wp\/v2\/media?parent=4069"}],"curies":[{"name":"wp","href":"https:\/\/api.w.org\/{rel}","templated":true}]}}