{"id":3714,"date":"2021-07-24T11:58:08","date_gmt":"2021-07-24T11:58:08","guid":{"rendered":"http:\/\/meditourturkei.com\/?page_id=3714"},"modified":"2023-12-07T07:10:36","modified_gmt":"2023-12-07T07:10:36","slug":"iletisim","status":"publish","type":"page","link":"https:\/\/meditourturkei.com\/tr\/iletisim\/","title":{"rendered":"\u0130LET\u0130\u015e\u0130M"},"content":{"rendered":"<div id='av_section_1'  class='avia-section main_color avia-section-default avia-no-border-styling  avia-full-stretch avia-bg-style-scroll  avia-builder-el-0  el_before_av_section  avia-builder-el-first   av-minimum-height av-minimum-height-33  container_wrap sidebar_right' style='background-repeat: no-repeat; background-image: url(https:\/\/meditourturkei.com\/tr\/wp-content\/uploads\/2021\/07\/o2.jpg);background-attachment: scroll; background-position: top center;  '  data-section-bg-repeat='stretch' data-av_minimum_height_pc='33'><div class='container' ><main  role=\"main\" itemprop=\"mainContentOfPage\"  class='template-page content  av-content-small alpha units'><div class='post-entry post-entry-type-page post-entry-3714'><div class='entry-content-wrapper clearfix'>\n<div  class='avia-image-container  av-styling-    avia-builder-el-1  avia-builder-el-no-sibling  avia-align-center '  itemprop=\"image\" itemscope=\"itemscope\" itemtype=\"https:\/\/schema.org\/ImageObject\"  ><div class='avia-image-container-inner'><div class='avia-image-overlay-wrap'><img class='wp-image-3357 avia-img-lazy-loading-not-3357 avia_image' src=\"https:\/\/meditourturkei.com\/tr\/wp-content\/uploads\/2021\/07\/logo_white.png\" alt='' title='logo_white' height=\"115\" width=\"375\"  itemprop=\"thumbnailUrl\" srcset=\"https:\/\/meditourturkei.com\/tr\/wp-content\/uploads\/2021\/07\/logo_white.png 375w, https:\/\/meditourturkei.com\/tr\/wp-content\/uploads\/2021\/07\/logo_white-300x92.png 300w\" sizes=\"(max-width: 375px) 100vw, 375px\" \/><\/div><\/div><\/div>\n\n<\/div><\/div><\/main><!-- close content main element --><\/div><\/div><div id='av_section_2'  class='avia-section main_color avia-section-small avia-no-border-styling  avia-full-stretch av-section-color-overlay-active avia-bg-style-fixed  avia-builder-el-2  el_after_av_section  el_before_av_layout_row   av-minimum-height av-minimum-height-custom  container_wrap sidebar_right' style='background-repeat: no-repeat; background-image: url(https:\/\/meditourturkei.com\/tr\/wp-content\/uploads\/2021\/07\/unnamed.jpg);background-attachment: fixed; background-position: center center;  '  data-section-bg-repeat='stretch'><div class='av-section-color-overlay-wrap'><div class='av-section-color-overlay' style='opacity: 0.5; background-color: #ffffff; '><\/div><div class='container' style='height:30px'><div class='template-page content  av-content-small alpha units'><div class='post-entry post-entry-type-page post-entry-3714'><div class='entry-content-wrapper clearfix'>\n<div class=\"flex_column av_one_fourth  flex_column_div av-zero-column-padding first  avia-builder-el-3  el_before_av_one_fourth  avia-builder-el-first  \" style='border-radius:0px; '><article  class=\"iconbox iconbox_left_content    avia-builder-el-4  avia-builder-el-no-sibling  \"  itemscope=\"itemscope\" itemtype=\"https:\/\/schema.org\/CreativeWork\" ><div class=\"iconbox_icon heading-color\" aria-hidden='true' data-av_icon='\ue842' data-av_iconfont='entypo-fontello'  ><\/div><div class=\"iconbox_content\"><header class=\"entry-content-header\"><h3 class='iconbox_content_title  '  itemprop=\"headline\"  >Adres<\/h3><\/header><div class='iconbox_content_container  '  itemprop=\"text\"  ><p>G\u00fczeloba, ANTALYA<\/p>\n<p>T\u00dcRK\u0130YE<\/p>\n<\/div><\/div><footer class=\"entry-footer\"><\/footer><\/article><\/div><div class=\"flex_column av_one_fourth  flex_column_div av-zero-column-padding   avia-builder-el-5  el_after_av_one_fourth  el_before_av_one_fourth  \" style='border-radius:0px; '><article  class=\"iconbox iconbox_left_content    avia-builder-el-6  avia-builder-el-no-sibling  \"  itemscope=\"itemscope\" itemtype=\"https:\/\/schema.org\/CreativeWork\" ><div class=\"iconbox_icon heading-color\" aria-hidden='true' data-av_icon='\ue805' data-av_iconfont='entypo-fontello'  ><\/div><div class=\"iconbox_content\"><header class=\"entry-content-header\"><h3 class='iconbox_content_title  '  itemprop=\"headline\"  >E-Posta<\/h3><\/header><div class='iconbox_content_container  '  itemprop=\"text\"  ><p>info@meditourturkei.com<\/p>\n<\/div><\/div><footer class=\"entry-footer\"><\/footer><\/article><\/div><div class=\"flex_column av_one_fourth  flex_column_div av-zero-column-padding   avia-builder-el-7  el_after_av_one_fourth  el_before_av_one_fourth  \" style='border-radius:0px; '><article  class=\"iconbox iconbox_left_content    avia-builder-el-8  avia-builder-el-no-sibling  \"  itemscope=\"itemscope\" itemtype=\"https:\/\/schema.org\/CreativeWork\" ><div class=\"iconbox_icon heading-color\" aria-hidden='true' data-av_icon='\ue854' data-av_iconfont='entypo-fontello'  ><\/div><div class=\"iconbox_content\"><header class=\"entry-content-header\"><h3 class='iconbox_content_title  '  itemprop=\"headline\"  >Telefon<\/h3><\/header><div class='iconbox_content_container  '  itemprop=\"text\"  ><p>+49 17690220942<\/p>\n<p>+90 5537717810<\/p>\n<\/div><\/div><footer class=\"entry-footer\"><\/footer><\/article><\/div><div class=\"flex_column av_one_fourth  flex_column_div av-zero-column-padding   avia-builder-el-9  el_after_av_one_fourth  avia-builder-el-last  \" style='border-radius:0px; '><article  class=\"iconbox iconbox_left_content    avia-builder-el-10  avia-builder-el-no-sibling  \"  itemscope=\"itemscope\" itemtype=\"https:\/\/schema.org\/CreativeWork\" ><div class=\"iconbox_icon heading-color\" aria-hidden='true' data-av_icon='\uf232' data-av_iconfont='entypo-fontello'  ><\/div><div class=\"iconbox_content\"><header class=\"entry-content-header\"><h3 class='iconbox_content_title  '  itemprop=\"headline\"  >Whatsapp<\/h3><\/header><div class='iconbox_content_container  '  itemprop=\"text\"  ><p>+90 553 771 78 10<\/p>\n<\/div><\/div><footer class=\"entry-footer\"><\/footer><\/article><\/div>\n\n<\/div><\/div><\/div><!-- close content main div --><\/div><\/div><\/div><div id='av-layout-grid-1'  class='av-layout-grid-container entry-content-wrapper main_color av-flex-cells     avia-builder-el-11  el_after_av_section  el_before_av_layout_row  submenu-not-first container_wrap sidebar_right' style=' '  >\n<div class=\"flex_cell no_margin av_one_half  avia-builder-el-12  el_before_av_cell_one_half  avia-builder-el-first   \"  style='height:500px; min-height:500px;' ><div class='flex_cell_inner' ><form action=\"https:\/\/meditourturkei.com\/tr\/iletisim\/\" method=\"post\"  class=\"avia_ajax_form av-form-labels-hidden   avia-builder-el-13  avia-builder-el-no-sibling  av-custom-form-color av-dark-form \" data-avia-form-id=\"1\" data-avia-redirect='' ><h3 class=''>\u0130leti\u015fim Formu<\/h3><fieldset><p class='  first_form  form_element form_fullwidth' id='element_avia_1_1'><label for=\"avia_1_1\">Ad Soyad <abbr class=\"required\" title=\"Zorunlu\">*<\/abbr><\/label> <input name=\"avia_1_1\" class=\"text_input is_empty\" type=\"text\" id=\"avia_1_1\" value=\"\"  placeholder='Ad Soyad*'\/><\/p><p class='  first_form  form_element form_element_half' id='element_avia_2_1'><label for=\"avia_2_1\">E-Posta <abbr class=\"required\" title=\"Zorunlu\">*<\/abbr><\/label> <input name=\"avia_2_1\" class=\"text_input is_email\" type=\"text\" id=\"avia_2_1\" value=\"\"  placeholder='E-Posta*'\/><\/p><p class='  form_element form_element_half' id='element_avia_3_1'><label for=\"avia_3_1\">Telefon <abbr class=\"required\" title=\"Zorunlu\">*<\/abbr><\/label> <input name=\"avia_3_1\" class=\"text_input is_phone\" type=\"text\" id=\"avia_3_1\" value=\"\"  placeholder='Telefon*'\/><\/p><p class='  first_form  form_element form_element_half' id='element_avia_4_1'><label for=\"avia_4_1\">Konu <abbr class=\"required\" title=\"Zorunlu\">*<\/abbr><\/label> <input name=\"avia_4_1\" class=\"text_input is_empty\" type=\"text\" id=\"avia_4_1\" value=\"\"  placeholder='Konu*'\/><\/p><p class=' form_element form_element_half' id='element_avia_5_1'><label for=\"avia_5_1\">B\u00f6l\u00fcm <abbr class=\"required\" title=\"Zorunlu\">*<\/abbr><\/label> <select  name=\"avia_5_1\" class=\"select is_empty\" id=\"avia_5_1\"><option  value =''>B\u00f6l\u00fcm*<\/option><option  value ='Obesity'>Obesity<\/option><option  value ='Plastic Surgery'>Plastic Surgery<\/option><option  value ='Dental Treatments'>Dental Treatments<\/option><option  value ='Hair Transplant'>Hair Transplant<\/option><\/select><\/p><p class='  first_form  form_element form_fullwidth av-last-visible-form-element' id='element_avia_6_1'><label for=\"avia_6_1\" class=\"textare_label hidden textare_label_avia_6_1\">Mesaj <abbr class=\"required\" title=\"Zorunlu\">*<\/abbr><\/label><textarea  placeholder='Mesaj*' name=\"avia_6_1\" class=\"text_area is_empty\" cols=\"40\" rows=\"7\" id=\"avia_6_1\" ><\/textarea><\/p><p class=\"hidden\"><input type=\"text\" name=\"avia_7_1\" class=\"hidden \" id=\"avia_7_1\" value=\"\" \/><\/p><p class=\"form_element \"><input type=\"hidden\" value=\"1\" name=\"avia_generated_form1\" \/><input type=\"submit\" value=\"G\u00f6nder\" class=\"button\"  data-sending-label=\"G\u00f6nderiliyor\"\/><\/p><\/fieldset><\/form><div id=\"ajaxresponse_1\" class=\"ajaxresponse ajaxresponse_1 hidden\"><\/div>\n<\/div><\/div><div class=\"flex_cell no_margin av_one_half  avia-builder-el-14  el_after_av_cell_one_half  avia-builder-el-last   avia-full-stretch \"  style='height:500px; min-height:500px;background:url(https:\/\/meditourturkei.com\/tr\/wp-content\/uploads\/2021\/07\/adobestock_338827188_preview.jpg) center center no-repeat scroll; vertical-align:top; padding:30px; ' ><div class='flex_cell_inner' ><\/div><\/div><\/div><div id='av-layout-grid-2'  class='av-layout-grid-container entry-content-wrapper main_color av-flex-cells     avia-builder-el-15  el_after_av_layout_row  avia-builder-el-last  av-cell-min-height av-cell-min-height-25 submenu-not-first container_wrap sidebar_right' style=' '   data-av_minimum_height_pc='25'>\n<div class=\"flex_cell no_margin av_one_half  avia-builder-el-16  el_before_av_cell_one_half  avia-builder-el-first   avia-full-stretch \"  style='vertical-align:middle; padding:00px; ' ><div class='flex_cell_inner' ><div  class='avia-image-container  av-styling-    avia-builder-el-17  avia-builder-el-no-sibling  avia-align-center '  itemprop=\"image\" itemscope=\"itemscope\" itemtype=\"https:\/\/schema.org\/ImageObject\"  ><div class='avia-image-container-inner'><div class='avia-image-overlay-wrap'><a href='https:\/\/meditourturkei.com\/tr\/kayit-formu\/' class='avia_image'  ><img width=\"1500\" height=\"630\" class='wp-image-4508 avia-img-lazy-loading-not-4508 avia_image' src=\"https:\/\/meditourturkei.com\/tr\/wp-content\/uploads\/2022\/01\/info_e1.jpg\" alt='' title='info_e1'  itemprop=\"thumbnailUrl\" srcset=\"https:\/\/meditourturkei.com\/tr\/wp-content\/uploads\/2022\/01\/info_e1.jpg 1500w, https:\/\/meditourturkei.com\/tr\/wp-content\/uploads\/2022\/01\/info_e1-300x126.jpg 300w, https:\/\/meditourturkei.com\/tr\/wp-content\/uploads\/2022\/01\/info_e1-1030x433.jpg 1030w, https:\/\/meditourturkei.com\/tr\/wp-content\/uploads\/2022\/01\/info_e1-768x323.jpg 768w, https:\/\/meditourturkei.com\/tr\/wp-content\/uploads\/2022\/01\/info_e1-705x296.jpg 705w\" sizes=\"(max-width: 1500px) 100vw, 1500px\" \/><\/a><\/div><\/div><\/div>\n<\/div><\/div><div class=\"flex_cell no_margin av_one_half  avia-builder-el-18  el_after_av_cell_one_half  avia-builder-el-last   avia-full-stretch av-zero-padding \"  style='vertical-align:middle; padding:0px; ' ><div class='flex_cell_inner' ><div  class='avia-image-container  av-styling-    avia-builder-el-19  avia-builder-el-no-sibling  avia-align-center '  itemprop=\"image\" itemscope=\"itemscope\" itemtype=\"https:\/\/schema.org\/ImageObject\"  ><div class='avia-image-container-inner'><div class='avia-image-overlay-wrap'><a href='https:\/\/meditourturkei.com\/tr\/beden-kitle-indeksi-hesaplama\/' class='avia_image'  ><img width=\"1500\" height=\"630\" class='wp-image-4506 avia-img-lazy-loading-not-4506 avia_image' src=\"https:\/\/meditourturkei.com\/tr\/wp-content\/uploads\/2022\/01\/info-e2.jpg\" alt='' title='info-e2'  itemprop=\"thumbnailUrl\" srcset=\"https:\/\/meditourturkei.com\/tr\/wp-content\/uploads\/2022\/01\/info-e2.jpg 1500w, https:\/\/meditourturkei.com\/tr\/wp-content\/uploads\/2022\/01\/info-e2-300x126.jpg 300w, https:\/\/meditourturkei.com\/tr\/wp-content\/uploads\/2022\/01\/info-e2-1030x433.jpg 1030w, https:\/\/meditourturkei.com\/tr\/wp-content\/uploads\/2022\/01\/info-e2-768x323.jpg 768w, https:\/\/meditourturkei.com\/tr\/wp-content\/uploads\/2022\/01\/info-e2-705x296.jpg 705w\" sizes=\"(max-width: 1500px) 100vw, 1500px\" \/><\/a><\/div><\/div><\/div>\n<\/div><\/div>\n<\/div><\/p>\n","protected":false},"excerpt":{"rendered":"","protected":false},"author":1,"featured_media":0,"parent":0,"menu_order":0,"comment_status":"closed","ping_status":"closed","template":"","meta":{"_joinchat":[]},"_links":{"self":[{"href":"https:\/\/meditourturkei.com\/tr\/wp-json\/wp\/v2\/pages\/3714"}],"collection":[{"href":"https:\/\/meditourturkei.com\/tr\/wp-json\/wp\/v2\/pages"}],"about":[{"href":"https:\/\/meditourturkei.com\/tr\/wp-json\/wp\/v2\/types\/page"}],"author":[{"embeddable":true,"href":"https:\/\/meditourturkei.com\/tr\/wp-json\/wp\/v2\/users\/1"}],"replies":[{"embeddable":true,"href":"https:\/\/meditourturkei.com\/tr\/wp-json\/wp\/v2\/comments?post=3714"}],"version-history":[{"count":15,"href":"https:\/\/meditourturkei.com\/tr\/wp-json\/wp\/v2\/pages\/3714\/revisions"}],"predecessor-version":[{"id":4688,"href":"https:\/\/meditourturkei.com\/tr\/wp-json\/wp\/v2\/pages\/3714\/revisions\/4688"}],"wp:attachment":[{"href":"https:\/\/meditourturkei.com\/tr\/wp-json\/wp\/v2\/media?parent=3714"}],"curies":[{"name":"wp","href":"https:\/\/api.w.org\/{rel}","templated":true}]}}