{"id":3661,"date":"2021-07-24T10:41:39","date_gmt":"2021-07-24T10:41:39","guid":{"rendered":"http:\/\/meditourturkei.com\/?page_id=3661"},"modified":"2022-01-12T11:29:36","modified_gmt":"2022-01-12T11:29:36","slug":"hakkimizda","status":"publish","type":"page","link":"https:\/\/meditourturkei.com\/tr\/hakkimizda\/","title":{"rendered":"HAKKIMIZDA"},"content":{"rendered":"<div id='av_section_1'  class='avia-section main_color avia-section-default avia-no-border-styling  avia-full-stretch avia-bg-style-scroll  avia-builder-el-0  el_before_av_section  avia-builder-el-first   av-minimum-height av-minimum-height-33  container_wrap sidebar_right' style='background-repeat: no-repeat; background-image: url(https:\/\/meditourturkei.com\/tr\/wp-content\/uploads\/2021\/07\/o2.jpg);background-attachment: scroll; background-position: top center;  '  data-section-bg-repeat='stretch' data-av_minimum_height_pc='33'><div class='container' ><main  role=\"main\" itemprop=\"mainContentOfPage\"  class='template-page content  av-content-small alpha units'><div class='post-entry post-entry-type-page post-entry-3661'><div class='entry-content-wrapper clearfix'>\n<div  style='padding-bottom:10px; color:#ffffff;' class='av-special-heading av-special-heading-h3 custom-color-heading blockquote elegant-quote elegant-centered  avia-builder-el-1  avia-builder-el-no-sibling  '><h3 class='av-special-heading-tag '  itemprop=\"headline\"  ><span class='heading-char avia-font-entypo-fontello ' style='padding-bottom:10px; ' aria-hidden='true' data-av_icon='\ue82b' data-av_iconfont='entypo-fontello'><\/span><span class=\"heading-wrap\">HAKKIMIZDA<\/span><\/h3><div class='special-heading-border'><div class='special-heading-inner-border' style='border-color:#ffffff'><\/div><\/div><\/div>\n\n<\/div><\/div><\/main><!-- close content main element --><\/div><\/div><div id='av_section_2'  class='avia-section main_color avia-section-small avia-no-border-styling  avia-full-stretch av-section-color-overlay-active avia-bg-style-fixed  avia-builder-el-2  el_after_av_section  el_before_av_layout_row   av-minimum-height av-minimum-height-custom  container_wrap sidebar_right' style='background-repeat: no-repeat; background-image: url(https:\/\/meditourturkei.com\/tr\/wp-content\/uploads\/2021\/07\/unnamed.jpg);background-attachment: fixed; background-position: center center;  '  data-section-bg-repeat='stretch'><div class='av-section-color-overlay-wrap'><div class='av-section-color-overlay' style='opacity: 0.5; background-color: #ffffff; '><\/div><div class='container' style='height:30px'><div class='template-page content  av-content-small alpha units'><div class='post-entry post-entry-type-page post-entry-3661'><div class='entry-content-wrapper clearfix'>\n<section class=\"av_textblock_section \"  itemscope=\"itemscope\" itemtype=\"https:\/\/schema.org\/CreativeWork\" ><div class='avia_textblock  '   itemprop=\"text\" ><p style=\"text-align: center;\">F<span class=\"Y2IQFc\" lang=\"tr\">ikirlerinizi uzman ekibimize sorun ve detayl\u0131 bilgi al\u0131n.<\/span><\/p>\n<\/div><\/section>\n\n<\/div><\/div><\/div><!-- close content main div --><\/div><\/div><\/div><div id='av-layout-grid-1'  class='av-layout-grid-container entry-content-wrapper main_color av-flex-cells     avia-builder-el-4  el_after_av_section  el_before_av_section  submenu-not-first container_wrap sidebar_right' style=' '  >\n<div class=\"flex_cell no_margin av_one_half  avia-builder-el-5  el_before_av_cell_one_half  avia-builder-el-first   \"  style='height:500px; min-height:500px;' ><div class='flex_cell_inner' ><section class=\"av_textblock_section \"  itemscope=\"itemscope\" itemtype=\"https:\/\/schema.org\/CreativeWork\" ><div class='avia_textblock  '   itemprop=\"text\" ><blockquote>\n<p>Meditour, Antalya\u2019da sizin i\u00e7in sorumlu ve kararl\u0131 bir \u015fekilde t\u0131bbi bir gezi d\u00fczenleyen tan\u0131nm\u0131\u015f bir \u00e7evrimi\u00e7i hizmet \u015firketidir.<\/p>\n<\/blockquote>\n<p>Profesyonel olarak planlanm\u0131\u015f s\u00fcrecimiz, t\u0131bbi uzmanl\u0131\u011f\u0131m\u0131z ve \u00f6zenle se\u00e7ilmi\u015f hastaneler, klinikler ve uzman doktorlardan olu\u015fan geni\u015f a\u011f\u0131m\u0131z, kendi isteklerinize g\u00f6re hizmet sa\u011flar.<\/p>\n<\/div><\/section>\n<\/div><\/div><div class=\"flex_cell no_margin av_one_half  avia-builder-el-7  el_after_av_cell_one_half  avia-builder-el-last   avia-full-stretch \"  style='height:500px; min-height:500px;background:url(https:\/\/meditourturkei.com\/tr\/wp-content\/uploads\/2021\/07\/doctor_yes.jpg) center center no-repeat scroll; vertical-align:top; padding:30px; ' ><div class='flex_cell_inner' ><\/div><\/div><\/div><div id='av_section_3'  class='avia-section main_color avia-section-small avia-no-border-styling  avia-full-stretch av-section-color-overlay-active avia-bg-style-fixed  avia-builder-el-8  el_after_av_layout_row  el_before_av_layout_row   av-minimum-height av-minimum-height-custom  container_wrap sidebar_right' style='background-repeat: no-repeat; background-image: url(https:\/\/meditourturkei.com\/tr\/wp-content\/uploads\/2021\/07\/unnamed.jpg);background-attachment: fixed; background-position: center center;  '  data-section-bg-repeat='stretch'><div class='av-section-color-overlay-wrap'><div class='av-section-color-overlay' style='opacity: 0.5; background-color: #ffffff; '><\/div><div class='container' style='height:30px'><div class='template-page content  av-content-small alpha units'><div class='post-entry post-entry-type-page post-entry-3661'><div class='entry-content-wrapper clearfix'>\n<section class=\"av_textblock_section \"  itemscope=\"itemscope\" itemtype=\"https:\/\/schema.org\/CreativeWork\" ><div class='avia_textblock  '   itemprop=\"text\" ><p style=\"text-align: center;\"><span class=\"Y2IQFc\" lang=\"tr\">Meditour sizin i\u00e7in doktorla ileti\u015fim veya \u00e7eviri ile ilgilenir, randevular\u0131 al\u0131r, istedi\u011finiz oteli rezerve eder ve istenirse \u00f6deme i\u015flemlerini hallederiz. Ayr\u0131ca hastalar\u0131m\u0131za kald\u0131klar\u0131 s\u00fcre boyunca al\u0131\u015fveri\u015f turu ve \u015fehir turu (\u00f6rn. Hadrian Kap\u0131s\u0131, Antalya Saat Kulesi vb.) sunuyoruz.<\/span><\/p>\n<\/div><\/section>\n<\/p>\n<\/div><\/div><\/div><!-- close content main div --><\/div><\/div><\/div><div id='av-layout-grid-2'  class='av-layout-grid-container entry-content-wrapper main_color av-flex-cells     avia-builder-el-10  el_after_av_section  el_before_av_layout_row  submenu-not-first container_wrap sidebar_right' style=' '  >\n<div class=\"flex_cell no_margin av_one_half  avia-builder-el-11  el_before_av_cell_one_half  avia-builder-el-first   avia-full-stretch \"  style='height:500px; min-height:500px;background:url(https:\/\/meditourturkei.com\/tr\/wp-content\/uploads\/2021\/07\/adobestock_338827188_preview.jpg) center center no-repeat scroll; vertical-align:middle; padding:30px; ' ><div class='flex_cell_inner' ><\/div><\/div><div class=\"flex_cell no_margin av_one_half  avia-builder-el-12  el_after_av_cell_one_half  avia-builder-el-last   \"  style='height:500px; min-height:500px;' ><div class='flex_cell_inner' ><section class=\"av_textblock_section \"  itemscope=\"itemscope\" itemtype=\"https:\/\/schema.org\/CreativeWork\" ><div class='avia_textblock  '   itemprop=\"text\" ><p style=\"text-align: left;\"><span class=\"Y2IQFc\" lang=\"tr\">Sa\u011fl\u0131k nedenleriyle Antalya&#8217;ya seyahat etmeyi planlayan hastalar\u0131n cevaplayamad\u0131\u011f\u0131 \u00e7ok say\u0131da soru var:<\/span><\/p>\n<\/div><\/section><br \/>\n<div  class='avia-icon-list-container   avia-builder-el-14  el_after_av_textblock  el_before_av_textblock '><ul class='avia-icon-list avia-icon-list-left av-iconlist-big avia_animate_when_almost_visible avia-iconlist-animate'>\n<li><div  style='background-color:#f2f2f2; color:#417591; ' class='iconlist_icon  avia-font-entypo-fontello'><span class='iconlist-char ' aria-hidden='true' data-av_icon='\ue82b' data-av_iconfont='entypo-fontello'><\/span><\/div><article class=\"article-icon-entry \"  itemscope=\"itemscope\" itemtype=\"https:\/\/schema.org\/CreativeWork\" ><div class='iconlist_content_wrap'><header class=\"entry-content-header\"><h4 class='av_iconlist_title iconlist_title   '  itemprop=\"headline\"  >SORU 1<\/h4><\/header><div class='iconlist_content  '  itemprop=\"text\"  ><p><span class=\"Y2IQFc\" lang=\"tr\">Tedavi ve seyahat i\u00e7in masraflar nelerdir?<\/span><\/p>\n<\/div><\/div><footer class=\"entry-footer\"><\/footer><\/article><div class='iconlist-timeline'><\/div><\/li>\n<li><div  style='background-color:#f2f2f2; color:#417591; ' class='iconlist_icon  avia-font-entypo-fontello'><span class='iconlist-char ' aria-hidden='true' data-av_icon='\ue82b' data-av_iconfont='entypo-fontello'><\/span><\/div><article class=\"article-icon-entry \"  itemscope=\"itemscope\" itemtype=\"https:\/\/schema.org\/CreativeWork\" ><div class='iconlist_content_wrap'><header class=\"entry-content-header\"><h4 class='av_iconlist_title iconlist_title   '  itemprop=\"headline\"  >SORU 2<\/h4><\/header><div class='iconlist_content  '  itemprop=\"text\"  ><p>En iyi tedaviyi nereden alabilirim?<\/p>\n<\/div><\/div><footer class=\"entry-footer\"><\/footer><\/article><div class='iconlist-timeline'><\/div><\/li>\n<li><div  style='background-color:#f2f2f2; color:#417591; ' class='iconlist_icon  avia-font-entypo-fontello'><span class='iconlist-char ' aria-hidden='true' data-av_icon='\ue82b' data-av_iconfont='entypo-fontello'><\/span><\/div><article class=\"article-icon-entry \"  itemscope=\"itemscope\" itemtype=\"https:\/\/schema.org\/CreativeWork\" ><div class='iconlist_content_wrap'><header class=\"entry-content-header\"><h4 class='av_iconlist_title iconlist_title   '  itemprop=\"headline\"  >SORU 3<\/h4><\/header><div class='iconlist_content  '  itemprop=\"text\"  ><p>\u0130stedi\u011fim alanda uzman\u0131 nas\u0131l bulurum ve onunla nas\u0131l ileti\u015fime ge\u00e7ebilirim?<\/p>\n<\/div><\/div><footer class=\"entry-footer\"><\/footer><\/article><div class='iconlist-timeline'><\/div><\/li>\n<\/ul><\/div><br \/>\n<section class=\"av_textblock_section \"  itemscope=\"itemscope\" itemtype=\"https:\/\/schema.org\/CreativeWork\" ><div class='avia_textblock  '   itemprop=\"text\" ><p><span class=\"Y2IQFc\" lang=\"tr\">Memnuniyetiniz ve tedavinizin en y\u00fcksek kalitesi, kurumsal felsefemizin temel ta\u015flar\u0131ndan biridir. Bu nedenle sa\u011fl\u0131k seyahatiniz boyunca g\u00fcn\u00fcn her saati yan\u0131n\u0131zday\u0131z ve ayr\u0131ld\u0131ktan sonra bile sizinle ileti\u015fim halinde olaca\u011f\u0131z. <\/span><\/p>\n<p><span class=\"Y2IQFc\" lang=\"tr\">\u015eimdi bizimle ileti\u015fime ge\u00e7in ve size \u00fccretsiz dan\u0131\u015fmanl\u0131k yapal\u0131m!<\/span><\/p>\n<\/div><\/section><\/p>\n<\/div><\/div>\n<\/div>\n<div id='av-layout-grid-3'  class='av-layout-grid-container entry-content-wrapper main_color av-flex-cells     avia-builder-el-16  el_after_av_layout_row  avia-builder-el-last  av-cell-min-height av-cell-min-height-25 submenu-not-first container_wrap sidebar_right' style=' '   data-av_minimum_height_pc='25'>\n<div class=\"flex_cell no_margin av_one_half  avia-builder-el-17  el_before_av_cell_one_half  avia-builder-el-first   avia-full-stretch \"  style='vertical-align:middle; padding:00px; ' ><div class='flex_cell_inner' ><div  class='avia-image-container  av-styling-    avia-builder-el-18  avia-builder-el-no-sibling  avia-align-center '  itemprop=\"image\" itemscope=\"itemscope\" itemtype=\"https:\/\/schema.org\/ImageObject\"  ><div class='avia-image-container-inner'><div class='avia-image-overlay-wrap'><a href='https:\/\/meditourturkei.com\/tr\/kayit-formu\/' class='avia_image'  ><img width=\"1500\" height=\"630\" class='wp-image-4508 avia-img-lazy-loading-not-4508 avia_image' src=\"https:\/\/meditourturkei.com\/tr\/wp-content\/uploads\/2022\/01\/info_e1.jpg\" alt='' title='info_e1'  itemprop=\"thumbnailUrl\" srcset=\"https:\/\/meditourturkei.com\/tr\/wp-content\/uploads\/2022\/01\/info_e1.jpg 1500w, https:\/\/meditourturkei.com\/tr\/wp-content\/uploads\/2022\/01\/info_e1-300x126.jpg 300w, https:\/\/meditourturkei.com\/tr\/wp-content\/uploads\/2022\/01\/info_e1-1030x433.jpg 1030w, https:\/\/meditourturkei.com\/tr\/wp-content\/uploads\/2022\/01\/info_e1-768x323.jpg 768w, https:\/\/meditourturkei.com\/tr\/wp-content\/uploads\/2022\/01\/info_e1-705x296.jpg 705w\" sizes=\"(max-width: 1500px) 100vw, 1500px\" \/><\/a><\/div><\/div><\/div>\n<\/div><\/div><div class=\"flex_cell no_margin av_one_half  avia-builder-el-19  el_after_av_cell_one_half  avia-builder-el-last   avia-full-stretch av-zero-padding \"  style='vertical-align:middle; padding:0px; ' ><div class='flex_cell_inner' ><div  class='avia-image-container  av-styling-    avia-builder-el-20  avia-builder-el-no-sibling  avia-align-center '  itemprop=\"image\" itemscope=\"itemscope\" itemtype=\"https:\/\/schema.org\/ImageObject\"  ><div class='avia-image-container-inner'><div class='avia-image-overlay-wrap'><a href='https:\/\/meditourturkei.com\/tr\/beden-kitle-indeksi-hesaplama\/' class='avia_image'  ><img width=\"1500\" height=\"630\" class='wp-image-4506 avia-img-lazy-loading-not-4506 avia_image' src=\"https:\/\/meditourturkei.com\/tr\/wp-content\/uploads\/2022\/01\/info-e2.jpg\" alt='' title='info-e2'  itemprop=\"thumbnailUrl\" srcset=\"https:\/\/meditourturkei.com\/tr\/wp-content\/uploads\/2022\/01\/info-e2.jpg 1500w, https:\/\/meditourturkei.com\/tr\/wp-content\/uploads\/2022\/01\/info-e2-300x126.jpg 300w, https:\/\/meditourturkei.com\/tr\/wp-content\/uploads\/2022\/01\/info-e2-1030x433.jpg 1030w, https:\/\/meditourturkei.com\/tr\/wp-content\/uploads\/2022\/01\/info-e2-768x323.jpg 768w, https:\/\/meditourturkei.com\/tr\/wp-content\/uploads\/2022\/01\/info-e2-705x296.jpg 705w\" sizes=\"(max-width: 1500px) 100vw, 1500px\" \/><\/a><\/div><\/div><\/div>\n<\/div><\/div>\n<\/div>\n","protected":false},"excerpt":{"rendered":"","protected":false},"author":1,"featured_media":0,"parent":0,"menu_order":0,"comment_status":"closed","ping_status":"closed","template":"","meta":{"_joinchat":[]},"_links":{"self":[{"href":"https:\/\/meditourturkei.com\/tr\/wp-json\/wp\/v2\/pages\/3661"}],"collection":[{"href":"https:\/\/meditourturkei.com\/tr\/wp-json\/wp\/v2\/pages"}],"about":[{"href":"https:\/\/meditourturkei.com\/tr\/wp-json\/wp\/v2\/types\/page"}],"author":[{"embeddable":true,"href":"https:\/\/meditourturkei.com\/tr\/wp-json\/wp\/v2\/users\/1"}],"replies":[{"embeddable":true,"href":"https:\/\/meditourturkei.com\/tr\/wp-json\/wp\/v2\/comments?post=3661"}],"version-history":[{"count":25,"href":"https:\/\/meditourturkei.com\/tr\/wp-json\/wp\/v2\/pages\/3661\/revisions"}],"predecessor-version":[{"id":4534,"href":"https:\/\/meditourturkei.com\/tr\/wp-json\/wp\/v2\/pages\/3661\/revisions\/4534"}],"wp:attachment":[{"href":"https:\/\/meditourturkei.com\/tr\/wp-json\/wp\/v2\/media?parent=3661"}],"curies":[{"name":"wp","href":"https:\/\/api.w.org\/{rel}","templated":true}]}}